{"id":970,"date":"2020-03-09T17:53:29","date_gmt":"2020-03-09T17:53:29","guid":{"rendered":"http:\/\/15.157.196.9\/decouvrir\/"},"modified":"2022-07-10T17:04:06","modified_gmt":"2022-07-10T21:04:06","slug":"decouvrir","status":"publish","type":"page","link":"https:\/\/www.mumaq.ca\/en\/decouvrir\/","title":{"rendered":"Discover"},"content":{"rendered":"<h1>Discover<\/h1>\n<p>The MUMAQ\u2019s rich collections illustrate the history of Qu\u00e9bec and its cultural evolution.<\/p>\n<p>By exploring everyday items dating from the colonial era to today, we invite you to discover how our history has been shaped by the know-how of local artisans.<\/p>\n","protected":false},"excerpt":{"rendered":"<p>Discover The MUMAQ\u2019s rich collections illustrate the history of Qu\u00e9bec and its cultural evolution. By exploring everyday items dating from the colonial era to today, we invite you to discover how our history has been shaped by the know-how of local artisans.<\/p>\n","protected":false},"author":1,"featured_media":2097,"parent":0,"menu_order":0,"comment_status":"closed","ping_status":"closed","template":"templates\/page-decouvrir.php","meta":{"_acf_changed":false,"footnotes":""},"class_list":["post-970","page","type-page","status-publish","has-post-thumbnail","hentry"],"acf":[],"yoast_head":"<!-- This site is optimized with the Yoast SEO plugin v23.5 - https:\/\/yoast.com\/wordpress\/plugins\/seo\/ -->\n<title>Discover - MUMAQ<\/title>\n<meta name=\"robots\" content=\"index, follow, max-snippet:-1, max-image-preview:large, max-video-preview:-1\" \/>\n<link rel=\"canonical\" href=\"https:\/\/www.mumaq.ca\/en\/decouvrir\/\" \/>\n<meta property=\"og:locale\" content=\"en_US\" \/>\n<meta property=\"og:type\" content=\"article\" \/>\n<meta property=\"og:title\" content=\"Discover - MUMAQ\" \/>\n<meta property=\"og:description\" content=\"Discover The MUMAQ\u2019s rich collections illustrate the history of Qu\u00e9bec and its cultural evolution. By exploring everyday items dating from the colonial era to today, we invite you to discover how our history has been shaped by the know-how of local artisans.\" \/>\n<meta property=\"og:url\" content=\"https:\/\/www.mumaq.ca\/en\/decouvrir\/\" \/>\n<meta property=\"og:site_name\" content=\"MUMAQ\" \/>\n<meta property=\"article:publisher\" content=\"https:\/\/www.facebook.com\/MuseeMetiersdartQuebec\" \/>\n<meta property=\"article:modified_time\" content=\"2022-07-10T21:04:06+00:00\" \/>\n<meta property=\"og:image\" content=\"https:\/\/www.mumaq.com\/wp-content\/uploads\/2020\/12\/De\u0301couvrir.png\" \/>\n\t<meta property=\"og:image:width\" content=\"494\" \/>\n\t<meta property=\"og:image:height\" content=\"493\" \/>\n\t<meta property=\"og:image:type\" content=\"image\/png\" \/>\n<meta name=\"twitter:card\" content=\"summary_large_image\" \/>\n<meta name=\"twitter:label1\" content=\"Est. reading time\" \/>\n\t<meta name=\"twitter:data1\" content=\"1 minute\" \/>\n<script type=\"application\/ld+json\" class=\"yoast-schema-graph\">{\"@context\":\"https:\/\/schema.org\",\"@graph\":[{\"@type\":\"WebPage\",\"@id\":\"https:\/\/www.mumaq.ca\/en\/decouvrir\/\",\"url\":\"https:\/\/www.mumaq.ca\/en\/decouvrir\/\",\"name\":\"Discover - MUMAQ\",\"isPartOf\":{\"@id\":\"https:\/\/www.mumaq.com\/en\/#website\"},\"primaryImageOfPage\":{\"@id\":\"https:\/\/www.mumaq.ca\/en\/decouvrir\/#primaryimage\"},\"image\":{\"@id\":\"https:\/\/www.mumaq.ca\/en\/decouvrir\/#primaryimage\"},\"thumbnailUrl\":\"https:\/\/www.mumaq.ca\/wp-content\/uploads\/2020\/12\/De\u0301couvrir.png\",\"datePublished\":\"2020-03-09T17:53:29+00:00\",\"dateModified\":\"2022-07-10T21:04:06+00:00\",\"breadcrumb\":{\"@id\":\"https:\/\/www.mumaq.ca\/en\/decouvrir\/#breadcrumb\"},\"inLanguage\":\"en-US\",\"potentialAction\":[{\"@type\":\"ReadAction\",\"target\":[\"https:\/\/www.mumaq.ca\/en\/decouvrir\/\"]}]},{\"@type\":\"ImageObject\",\"inLanguage\":\"en-US\",\"@id\":\"https:\/\/www.mumaq.ca\/en\/decouvrir\/#primaryimage\",\"url\":\"https:\/\/www.mumaq.ca\/wp-content\/uploads\/2020\/12\/De\u0301couvrir.png\",\"contentUrl\":\"https:\/\/www.mumaq.ca\/wp-content\/uploads\/2020\/12\/De\u0301couvrir.png\",\"width\":494,\"height\":493,\"caption\":\"Photo: Caroline Hayeur\"},{\"@type\":\"BreadcrumbList\",\"@id\":\"https:\/\/www.mumaq.ca\/en\/decouvrir\/#breadcrumb\",\"itemListElement\":[{\"@type\":\"ListItem\",\"position\":1,\"name\":\"Accueil\",\"item\":\"https:\/\/www.mumaq.com\/en\/\"},{\"@type\":\"ListItem\",\"position\":2,\"name\":\"Discover\"}]},{\"@type\":\"WebSite\",\"@id\":\"https:\/\/www.mumaq.com\/en\/#website\",\"url\":\"https:\/\/www.mumaq.com\/en\/\",\"name\":\"MUMAQ\",\"description\":\"Mus\u00e9e des m\u00e9tiers d&#039;art du Qu\u00e9bec\",\"publisher\":{\"@id\":\"https:\/\/www.mumaq.com\/en\/#organization\"},\"potentialAction\":[{\"@type\":\"SearchAction\",\"target\":{\"@type\":\"EntryPoint\",\"urlTemplate\":\"https:\/\/www.mumaq.com\/en\/?s={search_term_string}\"},\"query-input\":{\"@type\":\"PropertyValueSpecification\",\"valueRequired\":true,\"valueName\":\"search_term_string\"}}],\"inLanguage\":\"en-US\"},{\"@type\":\"Organization\",\"@id\":\"https:\/\/www.mumaq.com\/en\/#organization\",\"name\":\"MUMAQ\",\"url\":\"https:\/\/www.mumaq.com\/en\/\",\"logo\":{\"@type\":\"ImageObject\",\"inLanguage\":\"en-US\",\"@id\":\"https:\/\/www.mumaq.com\/en\/#\/schema\/logo\/image\/\",\"url\":\"https:\/\/www.mumaq.com\/wp-content\/uploads\/2020\/12\/Pastille-transparente-1.png\",\"contentUrl\":\"https:\/\/www.mumaq.com\/wp-content\/uploads\/2020\/12\/Pastille-transparente-1.png\",\"width\":600,\"height\":600,\"caption\":\"MUMAQ\"},\"image\":{\"@id\":\"https:\/\/www.mumaq.com\/en\/#\/schema\/logo\/image\/\"},\"sameAs\":[\"https:\/\/www.facebook.com\/MuseeMetiersdartQuebec\",\"https:\/\/www.instagram.com\/museedesmetiersdartduquebec\/?hl=fr-ca\",\"https:\/\/www.linkedin.com\/company\/musee-des-maitres-et-artisans-du-quebec\/\",\"https:\/\/www.youtube.com\/user\/MuseeMAQ\"]}]}<\/script>\n<!-- \/ Yoast SEO plugin. -->","yoast_head_json":{"title":"Discover - MUMAQ","robots":{"index":"index","follow":"follow","max-snippet":"max-snippet:-1","max-image-preview":"max-image-preview:large","max-video-preview":"max-video-preview:-1"},"canonical":"https:\/\/www.mumaq.ca\/en\/decouvrir\/","og_locale":"en_US","og_type":"article","og_title":"Discover - MUMAQ","og_description":"Discover The MUMAQ\u2019s rich collections illustrate the history of Qu\u00e9bec and its cultural evolution. By exploring everyday items dating from the colonial era to today, we invite you to discover how our history has been shaped by the know-how of local artisans.","og_url":"https:\/\/www.mumaq.ca\/en\/decouvrir\/","og_site_name":"MUMAQ","article_publisher":"https:\/\/www.facebook.com\/MuseeMetiersdartQuebec","article_modified_time":"2022-07-10T21:04:06+00:00","og_image":[{"width":494,"height":493,"url":"https:\/\/www.mumaq.com\/wp-content\/uploads\/2020\/12\/De\u0301couvrir.png","type":"image\/png"}],"twitter_card":"summary_large_image","twitter_misc":{"Est. reading time":"1 minute"},"schema":{"@context":"https:\/\/schema.org","@graph":[{"@type":"WebPage","@id":"https:\/\/www.mumaq.ca\/en\/decouvrir\/","url":"https:\/\/www.mumaq.ca\/en\/decouvrir\/","name":"Discover - MUMAQ","isPartOf":{"@id":"https:\/\/www.mumaq.com\/en\/#website"},"primaryImageOfPage":{"@id":"https:\/\/www.mumaq.ca\/en\/decouvrir\/#primaryimage"},"image":{"@id":"https:\/\/www.mumaq.ca\/en\/decouvrir\/#primaryimage"},"thumbnailUrl":"https:\/\/www.mumaq.ca\/wp-content\/uploads\/2020\/12\/De\u0301couvrir.png","datePublished":"2020-03-09T17:53:29+00:00","dateModified":"2022-07-10T21:04:06+00:00","breadcrumb":{"@id":"https:\/\/www.mumaq.ca\/en\/decouvrir\/#breadcrumb"},"inLanguage":"en-US","potentialAction":[{"@type":"ReadAction","target":["https:\/\/www.mumaq.ca\/en\/decouvrir\/"]}]},{"@type":"ImageObject","inLanguage":"en-US","@id":"https:\/\/www.mumaq.ca\/en\/decouvrir\/#primaryimage","url":"https:\/\/www.mumaq.ca\/wp-content\/uploads\/2020\/12\/De\u0301couvrir.png","contentUrl":"https:\/\/www.mumaq.ca\/wp-content\/uploads\/2020\/12\/De\u0301couvrir.png","width":494,"height":493,"caption":"Photo: Caroline Hayeur"},{"@type":"BreadcrumbList","@id":"https:\/\/www.mumaq.ca\/en\/decouvrir\/#breadcrumb","itemListElement":[{"@type":"ListItem","position":1,"name":"Accueil","item":"https:\/\/www.mumaq.com\/en\/"},{"@type":"ListItem","position":2,"name":"Discover"}]},{"@type":"WebSite","@id":"https:\/\/www.mumaq.com\/en\/#website","url":"https:\/\/www.mumaq.com\/en\/","name":"MUMAQ","description":"Mus\u00e9e des m\u00e9tiers d&#039;art du Qu\u00e9bec","publisher":{"@id":"https:\/\/www.mumaq.com\/en\/#organization"},"potentialAction":[{"@type":"SearchAction","target":{"@type":"EntryPoint","urlTemplate":"https:\/\/www.mumaq.com\/en\/?s={search_term_string}"},"query-input":{"@type":"PropertyValueSpecification","valueRequired":true,"valueName":"search_term_string"}}],"inLanguage":"en-US"},{"@type":"Organization","@id":"https:\/\/www.mumaq.com\/en\/#organization","name":"MUMAQ","url":"https:\/\/www.mumaq.com\/en\/","logo":{"@type":"ImageObject","inLanguage":"en-US","@id":"https:\/\/www.mumaq.com\/en\/#\/schema\/logo\/image\/","url":"https:\/\/www.mumaq.com\/wp-content\/uploads\/2020\/12\/Pastille-transparente-1.png","contentUrl":"https:\/\/www.mumaq.com\/wp-content\/uploads\/2020\/12\/Pastille-transparente-1.png","width":600,"height":600,"caption":"MUMAQ"},"image":{"@id":"https:\/\/www.mumaq.com\/en\/#\/schema\/logo\/image\/"},"sameAs":["https:\/\/www.facebook.com\/MuseeMetiersdartQuebec","https:\/\/www.instagram.com\/museedesmetiersdartduquebec\/?hl=fr-ca","https:\/\/www.linkedin.com\/company\/musee-des-maitres-et-artisans-du-quebec\/","https:\/\/www.youtube.com\/user\/MuseeMAQ"]}]}},"_links":{"self":[{"href":"https:\/\/www.mumaq.ca\/en\/wp-json\/wp\/v2\/pages\/970"}],"collection":[{"href":"https:\/\/www.mumaq.ca\/en\/wp-json\/wp\/v2\/pages"}],"about":[{"href":"https:\/\/www.mumaq.ca\/en\/wp-json\/wp\/v2\/types\/page"}],"author":[{"embeddable":true,"href":"https:\/\/www.mumaq.ca\/en\/wp-json\/wp\/v2\/users\/1"}],"replies":[{"embeddable":true,"href":"https:\/\/www.mumaq.ca\/en\/wp-json\/wp\/v2\/comments?post=970"}],"version-history":[{"count":19,"href":"https:\/\/www.mumaq.ca\/en\/wp-json\/wp\/v2\/pages\/970\/revisions"}],"predecessor-version":[{"id":4060,"href":"https:\/\/www.mumaq.ca\/en\/wp-json\/wp\/v2\/pages\/970\/revisions\/4060"}],"wp:featuredmedia":[{"embeddable":true,"href":"https:\/\/www.mumaq.ca\/en\/wp-json\/wp\/v2\/media\/2097"}],"wp:attachment":[{"href":"https:\/\/www.mumaq.ca\/en\/wp-json\/wp\/v2\/media?parent=970"}],"curies":[{"name":"wp","href":"https:\/\/api.w.org\/{rel}","templated":true}]}}